{"id":62117,"date":"2020-06-29T05:07:52","date_gmt":"2020-06-29T05:07:52","guid":{"rendered":"https:\/\/www.rapidreliefteam.org\/wie-we-zijn\/waar-we-dienen\/"},"modified":"2020-12-23T13:29:35","modified_gmt":"2020-12-23T13:29:35","slug":"waar-we-dienen","status":"publish","type":"page","link":"https:\/\/rrtglobal.org\/nl\/wie-we-zijn\/waar-we-dienen\/","title":{"rendered":"Waar we dienen"},"content":{"rendered":"","protected":false},"excerpt":{"rendered":"<p> [&#8230;]<\/p>\n<p><a class=\"btn btn-secondary understrap-read-more-link\" href=\"https:\/\/rrtglobal.org\/nl\/wie-we-zijn\/waar-we-dienen\/\">Lees verder\u2026<span class=\"screen-reader-text\"> from Waar we dienen<\/span><\/a><\/p>\n","protected":false},"author":4,"featured_media":0,"parent":61926,"menu_order":366,"comment_status":"closed","ping_status":"closed","template":"page-templates\/template-L2-about.php","meta":{"_acf_changed":false,"inline_featured_image":false,"_monsterinsights_skip_tracking":false,"_monsterinsights_sitenote_active":false,"_monsterinsights_sitenote_note":"","_monsterinsights_sitenote_category":0,"footnotes":""},"class_list":["post-62117","page","type-page","status-publish","hentry"],"acf":[],"yoast_head":"<!-- This site is optimized with the Yoast SEO plugin v27.4 - https:\/\/yoast.com\/product\/yoast-seo-wordpress\/ -->\n<title>Waar we dienen - Rapid Relief Team<\/title>\n<meta name=\"description\" content=\"Das Rapid Relief Team unterst\u00fctzt Menschen auf der ganzen Welt mit Teams in AUS, Gro\u00dfbritannien, Nord- und S\u00fcdamerika, der Karibik, Kanada, Neuseeland und in ganz Europa.\" \/>\n<meta name=\"robots\" content=\"index, follow, max-snippet:-1, max-image-preview:large, max-video-preview:-1\" \/>\n<link rel=\"canonical\" href=\"https:\/\/rrtglobal.org\/nl\/wie-we-zijn\/waar-we-dienen\/\" \/>\n<meta property=\"og:locale\" content=\"nl_NL\" \/>\n<meta property=\"og:type\" content=\"article\" \/>\n<meta property=\"og:title\" content=\"Waar we dienen - Rapid Relief Team\" \/>\n<meta property=\"og:description\" content=\"Das Rapid Relief Team unterst\u00fctzt Menschen auf der ganzen Welt mit Teams in AUS, Gro\u00dfbritannien, Nord- und S\u00fcdamerika, der Karibik, Kanada, Neuseeland und in ganz Europa.\" \/>\n<meta property=\"og:url\" content=\"https:\/\/rrtglobal.org\/nl\/wie-we-zijn\/waar-we-dienen\/\" \/>\n<meta property=\"og:site_name\" content=\"Rapid Relief Team\" \/>\n<meta property=\"article:modified_time\" content=\"2020-12-23T13:29:35+00:00\" \/>\n<meta name=\"twitter:card\" content=\"summary_large_image\" \/>\n<script type=\"application\/ld+json\" class=\"yoast-schema-graph\">{\"@context\":\"https:\\\/\\\/schema.org\",\"@graph\":[{\"@type\":\"WebPage\",\"@id\":\"https:\\\/\\\/rrtglobal.org\\\/nl\\\/wie-we-zijn\\\/waar-we-dienen\\\/\",\"url\":\"https:\\\/\\\/rrtglobal.org\\\/nl\\\/wie-we-zijn\\\/waar-we-dienen\\\/\",\"name\":\"Waar we dienen - Rapid Relief Team\",\"isPartOf\":{\"@id\":\"https:\\\/\\\/www.rrtglobal.org\\\/nl\\\/#website\"},\"datePublished\":\"2020-06-29T05:07:52+00:00\",\"dateModified\":\"2020-12-23T13:29:35+00:00\",\"description\":\"Das Rapid Relief Team unterst\u00fctzt Menschen auf der ganzen Welt mit Teams in AUS, Gro\u00dfbritannien, Nord- und S\u00fcdamerika, der Karibik, Kanada, Neuseeland und in ganz Europa.\",\"breadcrumb\":{\"@id\":\"https:\\\/\\\/rrtglobal.org\\\/nl\\\/wie-we-zijn\\\/waar-we-dienen\\\/#breadcrumb\"},\"inLanguage\":\"nl-NL\",\"potentialAction\":[{\"@type\":\"ReadAction\",\"target\":[\"https:\\\/\\\/rrtglobal.org\\\/nl\\\/wie-we-zijn\\\/waar-we-dienen\\\/\"]}]},{\"@type\":\"BreadcrumbList\",\"@id\":\"https:\\\/\\\/rrtglobal.org\\\/nl\\\/wie-we-zijn\\\/waar-we-dienen\\\/#breadcrumb\",\"itemListElement\":[{\"@type\":\"ListItem\",\"position\":1,\"name\":\"Huis\",\"item\":\"https:\\\/\\\/rrtglobal.org\\\/nl\\\/\"},{\"@type\":\"ListItem\",\"position\":2,\"name\":\"Wie we zijn\",\"item\":\"https:\\\/\\\/rrtglobal.org\\\/nl\\\/wie-we-zijn\\\/\"},{\"@type\":\"ListItem\",\"position\":3,\"name\":\"Waar we dienen\"}]},{\"@type\":\"WebSite\",\"@id\":\"https:\\\/\\\/www.rrtglobal.org\\\/nl\\\/#website\",\"url\":\"https:\\\/\\\/www.rrtglobal.org\\\/nl\\\/\",\"name\":\"Rapid Relief Team\",\"description\":\"\",\"publisher\":{\"@id\":\"https:\\\/\\\/www.rrtglobal.org\\\/nl\\\/#organization\"},\"potentialAction\":[{\"@type\":\"SearchAction\",\"target\":{\"@type\":\"EntryPoint\",\"urlTemplate\":\"https:\\\/\\\/www.rrtglobal.org\\\/nl\\\/?s={search_term_string}\"},\"query-input\":{\"@type\":\"PropertyValueSpecification\",\"valueRequired\":true,\"valueName\":\"search_term_string\"}}],\"inLanguage\":\"nl-NL\"},{\"@type\":\"Organization\",\"@id\":\"https:\\\/\\\/www.rrtglobal.org\\\/nl\\\/#organization\",\"name\":\"Rapid Relief Team\",\"url\":\"https:\\\/\\\/www.rrtglobal.org\\\/nl\\\/\",\"logo\":{\"@type\":\"ImageObject\",\"inLanguage\":\"nl-NL\",\"@id\":\"https:\\\/\\\/www.rrtglobal.org\\\/nl\\\/#\\\/schema\\\/logo\\\/image\\\/\",\"url\":\"https:\\\/\\\/rrtglobal.org\\\/wp-content\\\/uploads\\\/2020\\\/07\\\/5134-RRT-Logo-Full-Color-1.png\",\"contentUrl\":\"https:\\\/\\\/rrtglobal.org\\\/wp-content\\\/uploads\\\/2020\\\/07\\\/5134-RRT-Logo-Full-Color-1.png\",\"width\":690,\"height\":256,\"caption\":\"Rapid Relief Team\"},\"image\":{\"@id\":\"https:\\\/\\\/www.rrtglobal.org\\\/nl\\\/#\\\/schema\\\/logo\\\/image\\\/\"}}]}<\/script>\n<!-- \/ Yoast SEO plugin. -->","yoast_head_json":{"title":"Waar we dienen - Rapid Relief Team","description":"Das Rapid Relief Team unterst\u00fctzt Menschen auf der ganzen Welt mit Teams in AUS, Gro\u00dfbritannien, Nord- und S\u00fcdamerika, der Karibik, Kanada, Neuseeland und in ganz Europa.","robots":{"index":"index","follow":"follow","max-snippet":"max-snippet:-1","max-image-preview":"max-image-preview:large","max-video-preview":"max-video-preview:-1"},"canonical":"https:\/\/rrtglobal.org\/nl\/wie-we-zijn\/waar-we-dienen\/","og_locale":"nl_NL","og_type":"article","og_title":"Waar we dienen - Rapid Relief Team","og_description":"Das Rapid Relief Team unterst\u00fctzt Menschen auf der ganzen Welt mit Teams in AUS, Gro\u00dfbritannien, Nord- und S\u00fcdamerika, der Karibik, Kanada, Neuseeland und in ganz Europa.","og_url":"https:\/\/rrtglobal.org\/nl\/wie-we-zijn\/waar-we-dienen\/","og_site_name":"Rapid Relief Team","article_modified_time":"2020-12-23T13:29:35+00:00","twitter_card":"summary_large_image","schema":{"@context":"https:\/\/schema.org","@graph":[{"@type":"WebPage","@id":"https:\/\/rrtglobal.org\/nl\/wie-we-zijn\/waar-we-dienen\/","url":"https:\/\/rrtglobal.org\/nl\/wie-we-zijn\/waar-we-dienen\/","name":"Waar we dienen - Rapid Relief Team","isPartOf":{"@id":"https:\/\/www.rrtglobal.org\/nl\/#website"},"datePublished":"2020-06-29T05:07:52+00:00","dateModified":"2020-12-23T13:29:35+00:00","description":"Das Rapid Relief Team unterst\u00fctzt Menschen auf der ganzen Welt mit Teams in AUS, Gro\u00dfbritannien, Nord- und S\u00fcdamerika, der Karibik, Kanada, Neuseeland und in ganz Europa.","breadcrumb":{"@id":"https:\/\/rrtglobal.org\/nl\/wie-we-zijn\/waar-we-dienen\/#breadcrumb"},"inLanguage":"nl-NL","potentialAction":[{"@type":"ReadAction","target":["https:\/\/rrtglobal.org\/nl\/wie-we-zijn\/waar-we-dienen\/"]}]},{"@type":"BreadcrumbList","@id":"https:\/\/rrtglobal.org\/nl\/wie-we-zijn\/waar-we-dienen\/#breadcrumb","itemListElement":[{"@type":"ListItem","position":1,"name":"Huis","item":"https:\/\/rrtglobal.org\/nl\/"},{"@type":"ListItem","position":2,"name":"Wie we zijn","item":"https:\/\/rrtglobal.org\/nl\/wie-we-zijn\/"},{"@type":"ListItem","position":3,"name":"Waar we dienen"}]},{"@type":"WebSite","@id":"https:\/\/www.rrtglobal.org\/nl\/#website","url":"https:\/\/www.rrtglobal.org\/nl\/","name":"Rapid Relief Team","description":"","publisher":{"@id":"https:\/\/www.rrtglobal.org\/nl\/#organization"},"potentialAction":[{"@type":"SearchAction","target":{"@type":"EntryPoint","urlTemplate":"https:\/\/www.rrtglobal.org\/nl\/?s={search_term_string}"},"query-input":{"@type":"PropertyValueSpecification","valueRequired":true,"valueName":"search_term_string"}}],"inLanguage":"nl-NL"},{"@type":"Organization","@id":"https:\/\/www.rrtglobal.org\/nl\/#organization","name":"Rapid Relief Team","url":"https:\/\/www.rrtglobal.org\/nl\/","logo":{"@type":"ImageObject","inLanguage":"nl-NL","@id":"https:\/\/www.rrtglobal.org\/nl\/#\/schema\/logo\/image\/","url":"https:\/\/rrtglobal.org\/wp-content\/uploads\/2020\/07\/5134-RRT-Logo-Full-Color-1.png","contentUrl":"https:\/\/rrtglobal.org\/wp-content\/uploads\/2020\/07\/5134-RRT-Logo-Full-Color-1.png","width":690,"height":256,"caption":"Rapid Relief Team"},"image":{"@id":"https:\/\/www.rrtglobal.org\/nl\/#\/schema\/logo\/image\/"}}]}},"_links":{"self":[{"href":"https:\/\/rrtglobal.org\/nl\/wp-json\/wp\/v2\/pages\/62117","targetHints":{"allow":["GET"]}}],"collection":[{"href":"https:\/\/rrtglobal.org\/nl\/wp-json\/wp\/v2\/pages"}],"about":[{"href":"https:\/\/rrtglobal.org\/nl\/wp-json\/wp\/v2\/types\/page"}],"author":[{"embeddable":true,"href":"https:\/\/rrtglobal.org\/nl\/wp-json\/wp\/v2\/users\/4"}],"replies":[{"embeddable":true,"href":"https:\/\/rrtglobal.org\/nl\/wp-json\/wp\/v2\/comments?post=62117"}],"version-history":[{"count":3,"href":"https:\/\/rrtglobal.org\/nl\/wp-json\/wp\/v2\/pages\/62117\/revisions"}],"predecessor-version":[{"id":114519,"href":"https:\/\/rrtglobal.org\/nl\/wp-json\/wp\/v2\/pages\/62117\/revisions\/114519"}],"up":[{"embeddable":true,"href":"https:\/\/rrtglobal.org\/nl\/wp-json\/wp\/v2\/pages\/61926"}],"wp:attachment":[{"href":"https:\/\/rrtglobal.org\/nl\/wp-json\/wp\/v2\/media?parent=62117"}],"curies":[{"name":"wp","href":"https:\/\/api.w.org\/{rel}","templated":true}]}}