{"id":62136,"date":"2020-06-29T05:08:17","date_gmt":"2020-06-29T05:08:17","guid":{"rendered":"https:\/\/www.rapidreliefteam.org\/operations-et-appels\/"},"modified":"2023-09-27T02:57:45","modified_gmt":"2023-09-27T02:57:45","slug":"actions-et-evenements","status":"publish","type":"page","link":"https:\/\/rrtglobal.org\/fr\/actions-et-evenements\/","title":{"rendered":"Actions et \u00e9v\u00e8nements"},"content":{"rendered":"","protected":false},"excerpt":{"rendered":"<p> [&#8230;]<\/p>\n<p><a class=\"btn btn-secondary understrap-read-more-link\" href=\"https:\/\/rrtglobal.org\/fr\/actions-et-evenements\/\">Lire la suite\u2026<span class=\"screen-reader-text\"> from Actions et \u00e9v\u00e8nements<\/span><\/a><\/p>\n","protected":false},"author":4,"featured_media":0,"parent":0,"menu_order":383,"comment_status":"closed","ping_status":"closed","template":"page-templates\/template-L5-operations-appeals.php","meta":{"_acf_changed":false,"inline_featured_image":false,"_monsterinsights_skip_tracking":false,"_monsterinsights_sitenote_active":false,"_monsterinsights_sitenote_note":"","_monsterinsights_sitenote_category":0,"footnotes":""},"class_list":["post-62136","page","type-page","status-publish","hentry"],"acf":[],"yoast_head":"<!-- This site is optimized with the Yoast SEO plugin v27.4 - https:\/\/yoast.com\/product\/yoast-seo-wordpress\/ -->\n<title>Actions et \u00e9v\u00e8nements - Rapid Relief Team<\/title>\n<meta name=\"description\" content=\"Nous apportons de l&#039;aide et de l&#039;espoir aux personnes du monde entier. Qu&#039;il s&#039;agisse d&#039;un incendie, d&#039;une s\u00e9cheresse ou d&#039;une pand\u00e9mie mondiale, RRT adapte ses services pour r\u00e9pondre aux besoins actuels.\" \/>\n<meta name=\"robots\" content=\"index, follow, max-snippet:-1, max-image-preview:large, max-video-preview:-1\" \/>\n<link rel=\"canonical\" href=\"https:\/\/rrtglobal.org\/fr\/actions-et-evenements\/\" \/>\n<meta property=\"og:locale\" content=\"fr_FR\" \/>\n<meta property=\"og:type\" content=\"article\" \/>\n<meta property=\"og:title\" content=\"Actions et \u00e9v\u00e8nements - Rapid Relief Team\" \/>\n<meta property=\"og:description\" content=\"Nous apportons de l&#039;aide et de l&#039;espoir aux personnes du monde entier. Qu&#039;il s&#039;agisse d&#039;un incendie, d&#039;une s\u00e9cheresse ou d&#039;une pand\u00e9mie mondiale, RRT adapte ses services pour r\u00e9pondre aux besoins actuels.\" \/>\n<meta property=\"og:url\" content=\"https:\/\/rrtglobal.org\/fr\/actions-et-evenements\/\" \/>\n<meta property=\"og:site_name\" content=\"Rapid Relief Team\" \/>\n<meta property=\"article:modified_time\" content=\"2023-09-27T02:57:45+00:00\" \/>\n<meta name=\"twitter:card\" content=\"summary_large_image\" \/>\n<script type=\"application\/ld+json\" class=\"yoast-schema-graph\">{\"@context\":\"https:\\\/\\\/schema.org\",\"@graph\":[{\"@type\":\"WebPage\",\"@id\":\"https:\\\/\\\/rrtglobal.org\\\/fr\\\/actions-et-evenements\\\/\",\"url\":\"https:\\\/\\\/rrtglobal.org\\\/fr\\\/actions-et-evenements\\\/\",\"name\":\"Actions et \u00e9v\u00e8nements - Rapid Relief Team\",\"isPartOf\":{\"@id\":\"https:\\\/\\\/www.rrtglobal.org\\\/fr\\\/#website\"},\"datePublished\":\"2020-06-29T05:08:17+00:00\",\"dateModified\":\"2023-09-27T02:57:45+00:00\",\"description\":\"Nous apportons de l'aide et de l'espoir aux personnes du monde entier. Qu'il s'agisse d'un incendie, d'une s\u00e9cheresse ou d'une pand\u00e9mie mondiale, RRT adapte ses services pour r\u00e9pondre aux besoins actuels.\",\"breadcrumb\":{\"@id\":\"https:\\\/\\\/rrtglobal.org\\\/fr\\\/actions-et-evenements\\\/#breadcrumb\"},\"inLanguage\":\"fr-FR\",\"potentialAction\":[{\"@type\":\"ReadAction\",\"target\":[\"https:\\\/\\\/rrtglobal.org\\\/fr\\\/actions-et-evenements\\\/\"]}]},{\"@type\":\"BreadcrumbList\",\"@id\":\"https:\\\/\\\/rrtglobal.org\\\/fr\\\/actions-et-evenements\\\/#breadcrumb\",\"itemListElement\":[{\"@type\":\"ListItem\",\"position\":1,\"name\":\"Accueil\",\"item\":\"https:\\\/\\\/rrtglobal.org\\\/fr\\\/\"},{\"@type\":\"ListItem\",\"position\":2,\"name\":\"Actions et \u00e9v\u00e8nements\"}]},{\"@type\":\"WebSite\",\"@id\":\"https:\\\/\\\/www.rrtglobal.org\\\/fr\\\/#website\",\"url\":\"https:\\\/\\\/www.rrtglobal.org\\\/fr\\\/\",\"name\":\"Rapid Relief Team\",\"description\":\"\",\"publisher\":{\"@id\":\"https:\\\/\\\/www.rrtglobal.org\\\/fr\\\/#organization\"},\"potentialAction\":[{\"@type\":\"SearchAction\",\"target\":{\"@type\":\"EntryPoint\",\"urlTemplate\":\"https:\\\/\\\/www.rrtglobal.org\\\/fr\\\/?s={search_term_string}\"},\"query-input\":{\"@type\":\"PropertyValueSpecification\",\"valueRequired\":true,\"valueName\":\"search_term_string\"}}],\"inLanguage\":\"fr-FR\"},{\"@type\":\"Organization\",\"@id\":\"https:\\\/\\\/www.rrtglobal.org\\\/fr\\\/#organization\",\"name\":\"Rapid Relief Team\",\"url\":\"https:\\\/\\\/www.rrtglobal.org\\\/fr\\\/\",\"logo\":{\"@type\":\"ImageObject\",\"inLanguage\":\"fr-FR\",\"@id\":\"https:\\\/\\\/www.rrtglobal.org\\\/fr\\\/#\\\/schema\\\/logo\\\/image\\\/\",\"url\":\"https:\\\/\\\/rrtglobal.org\\\/wp-content\\\/uploads\\\/2020\\\/07\\\/5134-RRT-Logo-Full-Color-1.png\",\"contentUrl\":\"https:\\\/\\\/rrtglobal.org\\\/wp-content\\\/uploads\\\/2020\\\/07\\\/5134-RRT-Logo-Full-Color-1.png\",\"width\":690,\"height\":256,\"caption\":\"Rapid Relief Team\"},\"image\":{\"@id\":\"https:\\\/\\\/www.rrtglobal.org\\\/fr\\\/#\\\/schema\\\/logo\\\/image\\\/\"}}]}<\/script>\n<!-- \/ Yoast SEO plugin. -->","yoast_head_json":{"title":"Actions et \u00e9v\u00e8nements - Rapid Relief Team","description":"Nous apportons de l'aide et de l'espoir aux personnes du monde entier. Qu'il s'agisse d'un incendie, d'une s\u00e9cheresse ou d'une pand\u00e9mie mondiale, RRT adapte ses services pour r\u00e9pondre aux besoins actuels.","robots":{"index":"index","follow":"follow","max-snippet":"max-snippet:-1","max-image-preview":"max-image-preview:large","max-video-preview":"max-video-preview:-1"},"canonical":"https:\/\/rrtglobal.org\/fr\/actions-et-evenements\/","og_locale":"fr_FR","og_type":"article","og_title":"Actions et \u00e9v\u00e8nements - Rapid Relief Team","og_description":"Nous apportons de l'aide et de l'espoir aux personnes du monde entier. Qu'il s'agisse d'un incendie, d'une s\u00e9cheresse ou d'une pand\u00e9mie mondiale, RRT adapte ses services pour r\u00e9pondre aux besoins actuels.","og_url":"https:\/\/rrtglobal.org\/fr\/actions-et-evenements\/","og_site_name":"Rapid Relief Team","article_modified_time":"2023-09-27T02:57:45+00:00","twitter_card":"summary_large_image","schema":{"@context":"https:\/\/schema.org","@graph":[{"@type":"WebPage","@id":"https:\/\/rrtglobal.org\/fr\/actions-et-evenements\/","url":"https:\/\/rrtglobal.org\/fr\/actions-et-evenements\/","name":"Actions et \u00e9v\u00e8nements - Rapid Relief Team","isPartOf":{"@id":"https:\/\/www.rrtglobal.org\/fr\/#website"},"datePublished":"2020-06-29T05:08:17+00:00","dateModified":"2023-09-27T02:57:45+00:00","description":"Nous apportons de l'aide et de l'espoir aux personnes du monde entier. Qu'il s'agisse d'un incendie, d'une s\u00e9cheresse ou d'une pand\u00e9mie mondiale, RRT adapte ses services pour r\u00e9pondre aux besoins actuels.","breadcrumb":{"@id":"https:\/\/rrtglobal.org\/fr\/actions-et-evenements\/#breadcrumb"},"inLanguage":"fr-FR","potentialAction":[{"@type":"ReadAction","target":["https:\/\/rrtglobal.org\/fr\/actions-et-evenements\/"]}]},{"@type":"BreadcrumbList","@id":"https:\/\/rrtglobal.org\/fr\/actions-et-evenements\/#breadcrumb","itemListElement":[{"@type":"ListItem","position":1,"name":"Accueil","item":"https:\/\/rrtglobal.org\/fr\/"},{"@type":"ListItem","position":2,"name":"Actions et \u00e9v\u00e8nements"}]},{"@type":"WebSite","@id":"https:\/\/www.rrtglobal.org\/fr\/#website","url":"https:\/\/www.rrtglobal.org\/fr\/","name":"Rapid Relief Team","description":"","publisher":{"@id":"https:\/\/www.rrtglobal.org\/fr\/#organization"},"potentialAction":[{"@type":"SearchAction","target":{"@type":"EntryPoint","urlTemplate":"https:\/\/www.rrtglobal.org\/fr\/?s={search_term_string}"},"query-input":{"@type":"PropertyValueSpecification","valueRequired":true,"valueName":"search_term_string"}}],"inLanguage":"fr-FR"},{"@type":"Organization","@id":"https:\/\/www.rrtglobal.org\/fr\/#organization","name":"Rapid Relief Team","url":"https:\/\/www.rrtglobal.org\/fr\/","logo":{"@type":"ImageObject","inLanguage":"fr-FR","@id":"https:\/\/www.rrtglobal.org\/fr\/#\/schema\/logo\/image\/","url":"https:\/\/rrtglobal.org\/wp-content\/uploads\/2020\/07\/5134-RRT-Logo-Full-Color-1.png","contentUrl":"https:\/\/rrtglobal.org\/wp-content\/uploads\/2020\/07\/5134-RRT-Logo-Full-Color-1.png","width":690,"height":256,"caption":"Rapid Relief Team"},"image":{"@id":"https:\/\/www.rrtglobal.org\/fr\/#\/schema\/logo\/image\/"}}]}},"_links":{"self":[{"href":"https:\/\/rrtglobal.org\/fr\/wp-json\/wp\/v2\/pages\/62136","targetHints":{"allow":["GET"]}}],"collection":[{"href":"https:\/\/rrtglobal.org\/fr\/wp-json\/wp\/v2\/pages"}],"about":[{"href":"https:\/\/rrtglobal.org\/fr\/wp-json\/wp\/v2\/types\/page"}],"author":[{"embeddable":true,"href":"https:\/\/rrtglobal.org\/fr\/wp-json\/wp\/v2\/users\/4"}],"replies":[{"embeddable":true,"href":"https:\/\/rrtglobal.org\/fr\/wp-json\/wp\/v2\/comments?post=62136"}],"version-history":[{"count":2,"href":"https:\/\/rrtglobal.org\/fr\/wp-json\/wp\/v2\/pages\/62136\/revisions"}],"predecessor-version":[{"id":151426,"href":"https:\/\/rrtglobal.org\/fr\/wp-json\/wp\/v2\/pages\/62136\/revisions\/151426"}],"wp:attachment":[{"href":"https:\/\/rrtglobal.org\/fr\/wp-json\/wp\/v2\/media?parent=62136"}],"curies":[{"name":"wp","href":"https:\/\/api.w.org\/{rel}","templated":true}]}}