{"id":61878,"date":"2020-06-28T23:39:38","date_gmt":"2020-06-28T23:39:38","guid":{"rendered":"https:\/\/www.rapidreliefteam.org\/maison\/"},"modified":"2026-04-14T03:49:09","modified_gmt":"2026-04-14T03:49:09","slug":"maison","status":"publish","type":"page","link":"https:\/\/rrtglobal.org\/fr\/","title":{"rendered":"Accueil"},"content":{"rendered":"","protected":false},"excerpt":{"rendered":"<p> [&#8230;]<\/p>\n<p><a class=\"btn btn-secondary understrap-read-more-link\" href=\"https:\/\/rrtglobal.org\/fr\/\">Lire la suite\u2026<span class=\"screen-reader-text\"> from Accueil<\/span><\/a><\/p>\n","protected":false},"author":4,"featured_media":0,"parent":0,"menu_order":42,"comment_status":"closed","ping_status":"closed","template":"page-templates\/template-L1-home.php","meta":{"_acf_changed":false,"inline_featured_image":false,"_monsterinsights_skip_tracking":false,"_monsterinsights_sitenote_active":false,"_monsterinsights_sitenote_note":"","_monsterinsights_sitenote_category":0,"footnotes":""},"class_list":["post-61878","page","type-page","status-publish","hentry"],"acf":[],"yoast_head":"<!-- This site is optimized with the Yoast SEO plugin v27.2 - https:\/\/yoast.com\/product\/yoast-seo-wordpress\/ -->\n<title>Accueil - Rapid Relief Team<\/title>\n<meta name=\"description\" content=\"Chaque jour, d&#039;une mani\u00e8re modeste, le RRT apporte de l&#039;aide et de l&#039;espoir aux personnes dans le besoin. Qu&#039;il s&#039;agisse d&#039;un incendie, d&#039;une s\u00e9cheresse ou d&#039;une pand\u00e9mie mondiale, RRT intervient pour aider.\" \/>\n<meta name=\"robots\" content=\"index, follow, max-snippet:-1, max-image-preview:large, max-video-preview:-1\" \/>\n<link rel=\"canonical\" href=\"https:\/\/rrtglobal.org\/fr\/\" \/>\n<meta property=\"og:locale\" content=\"fr_FR\" \/>\n<meta property=\"og:type\" content=\"article\" \/>\n<meta property=\"og:title\" content=\"Accueil - Rapid Relief Team\" \/>\n<meta property=\"og:description\" content=\"Chaque jour, d&#039;une mani\u00e8re modeste, le RRT apporte de l&#039;aide et de l&#039;espoir aux personnes dans le besoin. Qu&#039;il s&#039;agisse d&#039;un incendie, d&#039;une s\u00e9cheresse ou d&#039;une pand\u00e9mie mondiale, RRT intervient pour aider.\" \/>\n<meta property=\"og:url\" content=\"https:\/\/rrtglobal.org\/fr\/\" \/>\n<meta property=\"og:site_name\" content=\"Rapid Relief Team\" \/>\n<meta property=\"article:modified_time\" content=\"2026-04-14T03:49:09+00:00\" \/>\n<meta name=\"twitter:card\" content=\"summary_large_image\" \/>\n<script type=\"application\/ld+json\" class=\"yoast-schema-graph\">{\"@context\":\"https:\/\/schema.org\",\"@graph\":[{\"@type\":\"WebPage\",\"@id\":\"https:\/\/rrtglobal.org\/fr\/\",\"url\":\"https:\/\/rrtglobal.org\/fr\/\",\"name\":\"Accueil - Rapid Relief Team\",\"isPartOf\":{\"@id\":\"https:\/\/rrtglobal.org\/fr\/#website\"},\"datePublished\":\"2020-06-28T23:39:38+00:00\",\"dateModified\":\"2026-04-14T03:49:09+00:00\",\"description\":\"Chaque jour, d'une mani\u00e8re modeste, le RRT apporte de l'aide et de l'espoir aux personnes dans le besoin. Qu'il s'agisse d'un incendie, d'une s\u00e9cheresse ou d'une pand\u00e9mie mondiale, RRT intervient pour aider.\",\"breadcrumb\":{\"@id\":\"https:\/\/rrtglobal.org\/fr\/#breadcrumb\"},\"inLanguage\":\"fr-FR\",\"potentialAction\":[{\"@type\":\"ReadAction\",\"target\":[\"https:\/\/rrtglobal.org\/fr\/\"]}]},{\"@type\":\"BreadcrumbList\",\"@id\":\"https:\/\/rrtglobal.org\/fr\/#breadcrumb\",\"itemListElement\":[{\"@type\":\"ListItem\",\"position\":1,\"name\":\"Accueil\",\"item\":\"https:\/\/www.rrtglobal.org\/fr\/\"},{\"@type\":\"ListItem\",\"position\":2,\"name\":\"Accueil\"}]},{\"@type\":\"WebSite\",\"@id\":\"https:\/\/rrtglobal.org\/fr\/#website\",\"url\":\"https:\/\/rrtglobal.org\/fr\/\",\"name\":\"Rapid Relief Team\",\"description\":\"\",\"publisher\":{\"@id\":\"https:\/\/rrtglobal.org\/fr\/#organization\"},\"potentialAction\":[{\"@type\":\"SearchAction\",\"target\":{\"@type\":\"EntryPoint\",\"urlTemplate\":\"https:\/\/rrtglobal.org\/fr\/?s={search_term_string}\"},\"query-input\":{\"@type\":\"PropertyValueSpecification\",\"valueRequired\":true,\"valueName\":\"search_term_string\"}}],\"inLanguage\":\"fr-FR\"},{\"@type\":\"Organization\",\"@id\":\"https:\/\/rrtglobal.org\/fr\/#organization\",\"name\":\"Rapid Relief Team\",\"url\":\"https:\/\/rrtglobal.org\/fr\/\",\"logo\":{\"@type\":\"ImageObject\",\"inLanguage\":\"fr-FR\",\"@id\":\"https:\/\/rrtglobal.org\/fr\/#\/schema\/logo\/image\/\",\"url\":\"https:\/\/rrtglobal.org\/wp-content\/uploads\/2020\/07\/5134-RRT-Logo-Full-Color-1.png\",\"contentUrl\":\"https:\/\/rrtglobal.org\/wp-content\/uploads\/2020\/07\/5134-RRT-Logo-Full-Color-1.png\",\"width\":690,\"height\":256,\"caption\":\"Rapid Relief Team\"},\"image\":{\"@id\":\"https:\/\/rrtglobal.org\/fr\/#\/schema\/logo\/image\/\"}}]}<\/script>\n<!-- \/ Yoast SEO plugin. -->","yoast_head_json":{"title":"Accueil - Rapid Relief Team","description":"Chaque jour, d'une mani\u00e8re modeste, le RRT apporte de l'aide et de l'espoir aux personnes dans le besoin. Qu'il s'agisse d'un incendie, d'une s\u00e9cheresse ou d'une pand\u00e9mie mondiale, RRT intervient pour aider.","robots":{"index":"index","follow":"follow","max-snippet":"max-snippet:-1","max-image-preview":"max-image-preview:large","max-video-preview":"max-video-preview:-1"},"canonical":"https:\/\/rrtglobal.org\/fr\/","og_locale":"fr_FR","og_type":"article","og_title":"Accueil - Rapid Relief Team","og_description":"Chaque jour, d'une mani\u00e8re modeste, le RRT apporte de l'aide et de l'espoir aux personnes dans le besoin. Qu'il s'agisse d'un incendie, d'une s\u00e9cheresse ou d'une pand\u00e9mie mondiale, RRT intervient pour aider.","og_url":"https:\/\/rrtglobal.org\/fr\/","og_site_name":"Rapid Relief Team","article_modified_time":"2026-04-14T03:49:09+00:00","twitter_card":"summary_large_image","schema":{"@context":"https:\/\/schema.org","@graph":[{"@type":"WebPage","@id":"https:\/\/rrtglobal.org\/fr\/","url":"https:\/\/rrtglobal.org\/fr\/","name":"Accueil - Rapid Relief Team","isPartOf":{"@id":"https:\/\/rrtglobal.org\/fr\/#website"},"datePublished":"2020-06-28T23:39:38+00:00","dateModified":"2026-04-14T03:49:09+00:00","description":"Chaque jour, d'une mani\u00e8re modeste, le RRT apporte de l'aide et de l'espoir aux personnes dans le besoin. Qu'il s'agisse d'un incendie, d'une s\u00e9cheresse ou d'une pand\u00e9mie mondiale, RRT intervient pour aider.","breadcrumb":{"@id":"https:\/\/rrtglobal.org\/fr\/#breadcrumb"},"inLanguage":"fr-FR","potentialAction":[{"@type":"ReadAction","target":["https:\/\/rrtglobal.org\/fr\/"]}]},{"@type":"BreadcrumbList","@id":"https:\/\/rrtglobal.org\/fr\/#breadcrumb","itemListElement":[{"@type":"ListItem","position":1,"name":"Accueil","item":"https:\/\/www.rrtglobal.org\/fr\/"},{"@type":"ListItem","position":2,"name":"Accueil"}]},{"@type":"WebSite","@id":"https:\/\/rrtglobal.org\/fr\/#website","url":"https:\/\/rrtglobal.org\/fr\/","name":"Rapid Relief Team","description":"","publisher":{"@id":"https:\/\/rrtglobal.org\/fr\/#organization"},"potentialAction":[{"@type":"SearchAction","target":{"@type":"EntryPoint","urlTemplate":"https:\/\/rrtglobal.org\/fr\/?s={search_term_string}"},"query-input":{"@type":"PropertyValueSpecification","valueRequired":true,"valueName":"search_term_string"}}],"inLanguage":"fr-FR"},{"@type":"Organization","@id":"https:\/\/rrtglobal.org\/fr\/#organization","name":"Rapid Relief Team","url":"https:\/\/rrtglobal.org\/fr\/","logo":{"@type":"ImageObject","inLanguage":"fr-FR","@id":"https:\/\/rrtglobal.org\/fr\/#\/schema\/logo\/image\/","url":"https:\/\/rrtglobal.org\/wp-content\/uploads\/2020\/07\/5134-RRT-Logo-Full-Color-1.png","contentUrl":"https:\/\/rrtglobal.org\/wp-content\/uploads\/2020\/07\/5134-RRT-Logo-Full-Color-1.png","width":690,"height":256,"caption":"Rapid Relief Team"},"image":{"@id":"https:\/\/rrtglobal.org\/fr\/#\/schema\/logo\/image\/"}}]}},"_links":{"self":[{"href":"https:\/\/rrtglobal.org\/fr\/wp-json\/wp\/v2\/pages\/61878","targetHints":{"allow":["GET"]}}],"collection":[{"href":"https:\/\/rrtglobal.org\/fr\/wp-json\/wp\/v2\/pages"}],"about":[{"href":"https:\/\/rrtglobal.org\/fr\/wp-json\/wp\/v2\/types\/page"}],"author":[{"embeddable":true,"href":"https:\/\/rrtglobal.org\/fr\/wp-json\/wp\/v2\/users\/4"}],"replies":[{"embeddable":true,"href":"https:\/\/rrtglobal.org\/fr\/wp-json\/wp\/v2\/comments?post=61878"}],"version-history":[{"count":77,"href":"https:\/\/rrtglobal.org\/fr\/wp-json\/wp\/v2\/pages\/61878\/revisions"}],"predecessor-version":[{"id":186015,"href":"https:\/\/rrtglobal.org\/fr\/wp-json\/wp\/v2\/pages\/61878\/revisions\/186015"}],"wp:attachment":[{"href":"https:\/\/rrtglobal.org\/fr\/wp-json\/wp\/v2\/media?parent=61878"}],"curies":[{"name":"wp","href":"https:\/\/api.w.org\/{rel}","templated":true}]}}