{"id":172402,"date":"2025-07-02T00:29:28","date_gmt":"2025-07-02T00:29:28","guid":{"rendered":"https:\/\/rrtglobal.org\/conformite\/examens-annuels-archives\/"},"modified":"2025-07-10T02:21:15","modified_gmt":"2025-07-10T02:21:15","slug":"examens-annuels-archives","status":"publish","type":"page","link":"https:\/\/rrtglobal.org\/fr\/conformite\/examens-annuels-archives\/","title":{"rendered":"Examens annuels archiv\u00e9s"},"content":{"rendered":"","protected":false},"excerpt":{"rendered":"<p> [&#8230;]<\/p>\n<p><a class=\"btn btn-secondary understrap-read-more-link\" href=\"https:\/\/rrtglobal.org\/fr\/conformite\/examens-annuels-archives\/\">Lire la suite\u2026<span class=\"screen-reader-text\"> from Examens annuels archiv\u00e9s<\/span><\/a><\/p>\n","protected":false},"author":4,"featured_media":0,"parent":62076,"menu_order":249,"comment_status":"closed","ping_status":"closed","template":"page-templates\/template-L9-content.php","meta":{"_acf_changed":false,"inline_featured_image":false,"_monsterinsights_skip_tracking":false,"_monsterinsights_sitenote_active":false,"_monsterinsights_sitenote_note":"","_monsterinsights_sitenote_category":0,"footnotes":""},"class_list":["post-172402","page","type-page","status-publish","hentry"],"acf":[],"yoast_head":"<!-- This site is optimized with the Yoast SEO plugin v27.4 - https:\/\/yoast.com\/product\/yoast-seo-wordpress\/ -->\n<title>Examens annuels archiv\u00e9s - Rapid Relief Team<\/title>\n<meta name=\"description\" content=\"RRT s&#039;engage \u00e0 respecter la r\u00e9glementation et la bonne gouvernance d&#039;entreprise. Visitez notre site web pour en savoir plus.\" \/>\n<meta name=\"robots\" content=\"index, follow, max-snippet:-1, max-image-preview:large, max-video-preview:-1\" \/>\n<link rel=\"canonical\" href=\"https:\/\/rrtglobal.org\/fr\/conformite\/examens-annuels-archives\/\" \/>\n<meta property=\"og:locale\" content=\"fr_FR\" \/>\n<meta property=\"og:type\" content=\"article\" \/>\n<meta property=\"og:title\" content=\"Examens annuels archiv\u00e9s - Rapid Relief Team\" \/>\n<meta property=\"og:description\" content=\"RRT s&#039;engage \u00e0 respecter la r\u00e9glementation et la bonne gouvernance d&#039;entreprise. Visitez notre site web pour en savoir plus.\" \/>\n<meta property=\"og:url\" content=\"https:\/\/rrtglobal.org\/fr\/conformite\/examens-annuels-archives\/\" \/>\n<meta property=\"og:site_name\" content=\"Rapid Relief Team\" \/>\n<meta property=\"article:modified_time\" content=\"2025-07-10T02:21:15+00:00\" \/>\n<meta name=\"twitter:card\" content=\"summary_large_image\" \/>\n<script type=\"application\/ld+json\" class=\"yoast-schema-graph\">{\"@context\":\"https:\\\/\\\/schema.org\",\"@graph\":[{\"@type\":\"WebPage\",\"@id\":\"https:\\\/\\\/rrtglobal.org\\\/fr\\\/conformite\\\/examens-annuels-archives\\\/\",\"url\":\"https:\\\/\\\/rrtglobal.org\\\/fr\\\/conformite\\\/examens-annuels-archives\\\/\",\"name\":\"Examens annuels archiv\u00e9s - Rapid Relief Team\",\"isPartOf\":{\"@id\":\"https:\\\/\\\/www.rrtglobal.org\\\/fr\\\/#website\"},\"datePublished\":\"2025-07-02T00:29:28+00:00\",\"dateModified\":\"2025-07-10T02:21:15+00:00\",\"description\":\"RRT s'engage \u00e0 respecter la r\u00e9glementation et la bonne gouvernance d'entreprise. Visitez notre site web pour en savoir plus.\",\"breadcrumb\":{\"@id\":\"https:\\\/\\\/rrtglobal.org\\\/fr\\\/conformite\\\/examens-annuels-archives\\\/#breadcrumb\"},\"inLanguage\":\"fr-FR\",\"potentialAction\":[{\"@type\":\"ReadAction\",\"target\":[\"https:\\\/\\\/rrtglobal.org\\\/fr\\\/conformite\\\/examens-annuels-archives\\\/\"]}]},{\"@type\":\"BreadcrumbList\",\"@id\":\"https:\\\/\\\/rrtglobal.org\\\/fr\\\/conformite\\\/examens-annuels-archives\\\/#breadcrumb\",\"itemListElement\":[{\"@type\":\"ListItem\",\"position\":1,\"name\":\"Accueil\",\"item\":\"https:\\\/\\\/rrtglobal.org\\\/fr\\\/\"},{\"@type\":\"ListItem\",\"position\":2,\"name\":\"Conformit\u00e9\",\"item\":\"https:\\\/\\\/www.rrtglobal.org\\\/fr\\\/conformite\\\/\"},{\"@type\":\"ListItem\",\"position\":3,\"name\":\"Examens annuels archiv\u00e9s\"}]},{\"@type\":\"WebSite\",\"@id\":\"https:\\\/\\\/www.rrtglobal.org\\\/fr\\\/#website\",\"url\":\"https:\\\/\\\/www.rrtglobal.org\\\/fr\\\/\",\"name\":\"Rapid Relief Team\",\"description\":\"\",\"publisher\":{\"@id\":\"https:\\\/\\\/www.rrtglobal.org\\\/fr\\\/#organization\"},\"potentialAction\":[{\"@type\":\"SearchAction\",\"target\":{\"@type\":\"EntryPoint\",\"urlTemplate\":\"https:\\\/\\\/www.rrtglobal.org\\\/fr\\\/?s={search_term_string}\"},\"query-input\":{\"@type\":\"PropertyValueSpecification\",\"valueRequired\":true,\"valueName\":\"search_term_string\"}}],\"inLanguage\":\"fr-FR\"},{\"@type\":\"Organization\",\"@id\":\"https:\\\/\\\/www.rrtglobal.org\\\/fr\\\/#organization\",\"name\":\"Rapid Relief Team\",\"url\":\"https:\\\/\\\/www.rrtglobal.org\\\/fr\\\/\",\"logo\":{\"@type\":\"ImageObject\",\"inLanguage\":\"fr-FR\",\"@id\":\"https:\\\/\\\/www.rrtglobal.org\\\/fr\\\/#\\\/schema\\\/logo\\\/image\\\/\",\"url\":\"https:\\\/\\\/rrtglobal.org\\\/wp-content\\\/uploads\\\/2020\\\/07\\\/5134-RRT-Logo-Full-Color-1.png\",\"contentUrl\":\"https:\\\/\\\/rrtglobal.org\\\/wp-content\\\/uploads\\\/2020\\\/07\\\/5134-RRT-Logo-Full-Color-1.png\",\"width\":690,\"height\":256,\"caption\":\"Rapid Relief Team\"},\"image\":{\"@id\":\"https:\\\/\\\/www.rrtglobal.org\\\/fr\\\/#\\\/schema\\\/logo\\\/image\\\/\"}}]}<\/script>\n<!-- \/ Yoast SEO plugin. -->","yoast_head_json":{"title":"Examens annuels archiv\u00e9s - Rapid Relief Team","description":"RRT s'engage \u00e0 respecter la r\u00e9glementation et la bonne gouvernance d'entreprise. Visitez notre site web pour en savoir plus.","robots":{"index":"index","follow":"follow","max-snippet":"max-snippet:-1","max-image-preview":"max-image-preview:large","max-video-preview":"max-video-preview:-1"},"canonical":"https:\/\/rrtglobal.org\/fr\/conformite\/examens-annuels-archives\/","og_locale":"fr_FR","og_type":"article","og_title":"Examens annuels archiv\u00e9s - Rapid Relief Team","og_description":"RRT s'engage \u00e0 respecter la r\u00e9glementation et la bonne gouvernance d'entreprise. Visitez notre site web pour en savoir plus.","og_url":"https:\/\/rrtglobal.org\/fr\/conformite\/examens-annuels-archives\/","og_site_name":"Rapid Relief Team","article_modified_time":"2025-07-10T02:21:15+00:00","twitter_card":"summary_large_image","schema":{"@context":"https:\/\/schema.org","@graph":[{"@type":"WebPage","@id":"https:\/\/rrtglobal.org\/fr\/conformite\/examens-annuels-archives\/","url":"https:\/\/rrtglobal.org\/fr\/conformite\/examens-annuels-archives\/","name":"Examens annuels archiv\u00e9s - Rapid Relief Team","isPartOf":{"@id":"https:\/\/www.rrtglobal.org\/fr\/#website"},"datePublished":"2025-07-02T00:29:28+00:00","dateModified":"2025-07-10T02:21:15+00:00","description":"RRT s'engage \u00e0 respecter la r\u00e9glementation et la bonne gouvernance d'entreprise. Visitez notre site web pour en savoir plus.","breadcrumb":{"@id":"https:\/\/rrtglobal.org\/fr\/conformite\/examens-annuels-archives\/#breadcrumb"},"inLanguage":"fr-FR","potentialAction":[{"@type":"ReadAction","target":["https:\/\/rrtglobal.org\/fr\/conformite\/examens-annuels-archives\/"]}]},{"@type":"BreadcrumbList","@id":"https:\/\/rrtglobal.org\/fr\/conformite\/examens-annuels-archives\/#breadcrumb","itemListElement":[{"@type":"ListItem","position":1,"name":"Accueil","item":"https:\/\/rrtglobal.org\/fr\/"},{"@type":"ListItem","position":2,"name":"Conformit\u00e9","item":"https:\/\/www.rrtglobal.org\/fr\/conformite\/"},{"@type":"ListItem","position":3,"name":"Examens annuels archiv\u00e9s"}]},{"@type":"WebSite","@id":"https:\/\/www.rrtglobal.org\/fr\/#website","url":"https:\/\/www.rrtglobal.org\/fr\/","name":"Rapid Relief Team","description":"","publisher":{"@id":"https:\/\/www.rrtglobal.org\/fr\/#organization"},"potentialAction":[{"@type":"SearchAction","target":{"@type":"EntryPoint","urlTemplate":"https:\/\/www.rrtglobal.org\/fr\/?s={search_term_string}"},"query-input":{"@type":"PropertyValueSpecification","valueRequired":true,"valueName":"search_term_string"}}],"inLanguage":"fr-FR"},{"@type":"Organization","@id":"https:\/\/www.rrtglobal.org\/fr\/#organization","name":"Rapid Relief Team","url":"https:\/\/www.rrtglobal.org\/fr\/","logo":{"@type":"ImageObject","inLanguage":"fr-FR","@id":"https:\/\/www.rrtglobal.org\/fr\/#\/schema\/logo\/image\/","url":"https:\/\/rrtglobal.org\/wp-content\/uploads\/2020\/07\/5134-RRT-Logo-Full-Color-1.png","contentUrl":"https:\/\/rrtglobal.org\/wp-content\/uploads\/2020\/07\/5134-RRT-Logo-Full-Color-1.png","width":690,"height":256,"caption":"Rapid Relief Team"},"image":{"@id":"https:\/\/www.rrtglobal.org\/fr\/#\/schema\/logo\/image\/"}}]}},"_links":{"self":[{"href":"https:\/\/rrtglobal.org\/fr\/wp-json\/wp\/v2\/pages\/172402","targetHints":{"allow":["GET"]}}],"collection":[{"href":"https:\/\/rrtglobal.org\/fr\/wp-json\/wp\/v2\/pages"}],"about":[{"href":"https:\/\/rrtglobal.org\/fr\/wp-json\/wp\/v2\/types\/page"}],"author":[{"embeddable":true,"href":"https:\/\/rrtglobal.org\/fr\/wp-json\/wp\/v2\/users\/4"}],"replies":[{"embeddable":true,"href":"https:\/\/rrtglobal.org\/fr\/wp-json\/wp\/v2\/comments?post=172402"}],"version-history":[{"count":1,"href":"https:\/\/rrtglobal.org\/fr\/wp-json\/wp\/v2\/pages\/172402\/revisions"}],"predecessor-version":[{"id":172974,"href":"https:\/\/rrtglobal.org\/fr\/wp-json\/wp\/v2\/pages\/172402\/revisions\/172974"}],"up":[{"embeddable":true,"href":"https:\/\/rrtglobal.org\/fr\/wp-json\/wp\/v2\/pages\/62076"}],"wp:attachment":[{"href":"https:\/\/rrtglobal.org\/fr\/wp-json\/wp\/v2\/media?parent=172402"}],"curies":[{"name":"wp","href":"https:\/\/api.w.org\/{rel}","templated":true}]}}