{"id":62086,"date":"2020-06-29T05:06:54","date_gmt":"2020-06-29T05:06:54","guid":{"rendered":"https:\/\/www.rapidreliefteam.org\/spenden\/"},"modified":"2021-03-04T09:43:09","modified_gmt":"2021-03-04T09:43:09","slug":"spenden","status":"publish","type":"page","link":"https:\/\/rrtglobal.org\/de\/spenden\/","title":{"rendered":"Spenden"},"content":{"rendered":"","protected":false},"excerpt":{"rendered":"<p> [&#8230;]<\/p>\n<p><a class=\"btn btn-secondary understrap-read-more-link\" href=\"https:\/\/rrtglobal.org\/de\/spenden\/\">Weiterlesen\u00a0\u2026<span class=\"screen-reader-text\"> from Spenden<\/span><\/a><\/p>\n","protected":false},"author":4,"featured_media":3820,"parent":0,"menu_order":292,"comment_status":"closed","ping_status":"closed","template":"page-templates\/template-L9-content.php","meta":{"_acf_changed":false,"inline_featured_image":false,"_monsterinsights_skip_tracking":false,"_monsterinsights_sitenote_active":false,"_monsterinsights_sitenote_note":"","_monsterinsights_sitenote_category":0,"footnotes":""},"class_list":["post-62086","page","type-page","status-publish","has-post-thumbnail","hentry"],"acf":[],"yoast_head":"<!-- This site is optimized with the Yoast SEO plugin v27.2 - https:\/\/yoast.com\/product\/yoast-seo-wordpress\/ -->\n<title>Spenden - Rapid Relief Team<\/title>\n<meta name=\"description\" content=\"Wir k\u00f6nnen nicht viel alleine machen, aber zusammen mit Ihrer Unterst\u00fctzung k\u00f6nnen wir es. Ihre Spende wird dazu dienen, bed\u00fcrftige Gemeinschaften zu st\u00e4rken.\" \/>\n<meta name=\"robots\" content=\"index, follow, max-snippet:-1, max-image-preview:large, max-video-preview:-1\" \/>\n<link rel=\"canonical\" href=\"https:\/\/rrtglobal.org\/de\/spenden\/\" \/>\n<meta property=\"og:locale\" content=\"de_DE\" \/>\n<meta property=\"og:type\" content=\"article\" \/>\n<meta property=\"og:title\" content=\"Spenden - Rapid Relief Team\" \/>\n<meta property=\"og:description\" content=\"Wir k\u00f6nnen nicht viel alleine machen, aber zusammen mit Ihrer Unterst\u00fctzung k\u00f6nnen wir es. Ihre Spende wird dazu dienen, bed\u00fcrftige Gemeinschaften zu st\u00e4rken.\" \/>\n<meta property=\"og:url\" content=\"https:\/\/rrtglobal.org\/de\/spenden\/\" \/>\n<meta property=\"og:site_name\" content=\"Rapid Relief Team\" \/>\n<meta property=\"article:modified_time\" content=\"2021-03-04T09:43:09+00:00\" \/>\n<meta property=\"og:image\" content=\"https:\/\/www.rrtglobal.org\/wp-content\/uploads\/2020\/05\/emergency-disaster-relief.jpg\" \/>\n\t<meta property=\"og:image:width\" content=\"1024\" \/>\n\t<meta property=\"og:image:height\" content=\"768\" \/>\n\t<meta property=\"og:image:type\" content=\"image\/jpeg\" \/>\n<meta name=\"twitter:card\" content=\"summary_large_image\" \/>\n<script type=\"application\/ld+json\" class=\"yoast-schema-graph\">{\"@context\":\"https:\/\/schema.org\",\"@graph\":[{\"@type\":\"WebPage\",\"@id\":\"https:\/\/rrtglobal.org\/de\/spenden\/\",\"url\":\"https:\/\/rrtglobal.org\/de\/spenden\/\",\"name\":\"Spenden - Rapid Relief Team\",\"isPartOf\":{\"@id\":\"https:\/\/rrtglobal.org\/de\/#website\"},\"primaryImageOfPage\":{\"@id\":\"https:\/\/rrtglobal.org\/de\/spenden\/#primaryimage\"},\"image\":{\"@id\":\"https:\/\/rrtglobal.org\/de\/spenden\/#primaryimage\"},\"thumbnailUrl\":\"https:\/\/rrtglobal.org\/wp-content\/uploads\/2020\/05\/emergency-disaster-relief.jpg\",\"datePublished\":\"2020-06-29T05:06:54+00:00\",\"dateModified\":\"2021-03-04T09:43:09+00:00\",\"description\":\"Wir k\u00f6nnen nicht viel alleine machen, aber zusammen mit Ihrer Unterst\u00fctzung k\u00f6nnen wir es. Ihre Spende wird dazu dienen, bed\u00fcrftige Gemeinschaften zu st\u00e4rken.\",\"breadcrumb\":{\"@id\":\"https:\/\/rrtglobal.org\/de\/spenden\/#breadcrumb\"},\"inLanguage\":\"de\",\"potentialAction\":[{\"@type\":\"ReadAction\",\"target\":[\"https:\/\/rrtglobal.org\/de\/spenden\/\"]}]},{\"@type\":\"ImageObject\",\"inLanguage\":\"de\",\"@id\":\"https:\/\/rrtglobal.org\/de\/spenden\/#primaryimage\",\"url\":\"https:\/\/rrtglobal.org\/wp-content\/uploads\/2020\/05\/emergency-disaster-relief.jpg\",\"contentUrl\":\"https:\/\/rrtglobal.org\/wp-content\/uploads\/2020\/05\/emergency-disaster-relief.jpg\",\"width\":1024,\"height\":768},{\"@type\":\"BreadcrumbList\",\"@id\":\"https:\/\/rrtglobal.org\/de\/spenden\/#breadcrumb\",\"itemListElement\":[{\"@type\":\"ListItem\",\"position\":1,\"name\":\"Zuhause\",\"item\":\"https:\/\/www.rrtglobal.org\/de\/\"},{\"@type\":\"ListItem\",\"position\":2,\"name\":\"Spenden\"}]},{\"@type\":\"WebSite\",\"@id\":\"https:\/\/rrtglobal.org\/de\/#website\",\"url\":\"https:\/\/rrtglobal.org\/de\/\",\"name\":\"Rapid Relief Team\",\"description\":\"\",\"publisher\":{\"@id\":\"https:\/\/rrtglobal.org\/de\/#organization\"},\"potentialAction\":[{\"@type\":\"SearchAction\",\"target\":{\"@type\":\"EntryPoint\",\"urlTemplate\":\"https:\/\/rrtglobal.org\/de\/?s={search_term_string}\"},\"query-input\":{\"@type\":\"PropertyValueSpecification\",\"valueRequired\":true,\"valueName\":\"search_term_string\"}}],\"inLanguage\":\"de\"},{\"@type\":\"Organization\",\"@id\":\"https:\/\/rrtglobal.org\/de\/#organization\",\"name\":\"Rapid Relief Team\",\"url\":\"https:\/\/rrtglobal.org\/de\/\",\"logo\":{\"@type\":\"ImageObject\",\"inLanguage\":\"de\",\"@id\":\"https:\/\/rrtglobal.org\/de\/#\/schema\/logo\/image\/\",\"url\":\"https:\/\/rrtglobal.org\/wp-content\/uploads\/2020\/07\/5134-RRT-Logo-Full-Color-1.png\",\"contentUrl\":\"https:\/\/rrtglobal.org\/wp-content\/uploads\/2020\/07\/5134-RRT-Logo-Full-Color-1.png\",\"width\":690,\"height\":256,\"caption\":\"Rapid Relief Team\"},\"image\":{\"@id\":\"https:\/\/rrtglobal.org\/de\/#\/schema\/logo\/image\/\"}}]}<\/script>\n<!-- \/ Yoast SEO plugin. -->","yoast_head_json":{"title":"Spenden - Rapid Relief Team","description":"Wir k\u00f6nnen nicht viel alleine machen, aber zusammen mit Ihrer Unterst\u00fctzung k\u00f6nnen wir es. Ihre Spende wird dazu dienen, bed\u00fcrftige Gemeinschaften zu st\u00e4rken.","robots":{"index":"index","follow":"follow","max-snippet":"max-snippet:-1","max-image-preview":"max-image-preview:large","max-video-preview":"max-video-preview:-1"},"canonical":"https:\/\/rrtglobal.org\/de\/spenden\/","og_locale":"de_DE","og_type":"article","og_title":"Spenden - Rapid Relief Team","og_description":"Wir k\u00f6nnen nicht viel alleine machen, aber zusammen mit Ihrer Unterst\u00fctzung k\u00f6nnen wir es. Ihre Spende wird dazu dienen, bed\u00fcrftige Gemeinschaften zu st\u00e4rken.","og_url":"https:\/\/rrtglobal.org\/de\/spenden\/","og_site_name":"Rapid Relief Team","article_modified_time":"2021-03-04T09:43:09+00:00","og_image":[{"width":1024,"height":768,"url":"https:\/\/www.rrtglobal.org\/wp-content\/uploads\/2020\/05\/emergency-disaster-relief.jpg","type":"image\/jpeg"}],"twitter_card":"summary_large_image","schema":{"@context":"https:\/\/schema.org","@graph":[{"@type":"WebPage","@id":"https:\/\/rrtglobal.org\/de\/spenden\/","url":"https:\/\/rrtglobal.org\/de\/spenden\/","name":"Spenden - Rapid Relief Team","isPartOf":{"@id":"https:\/\/rrtglobal.org\/de\/#website"},"primaryImageOfPage":{"@id":"https:\/\/rrtglobal.org\/de\/spenden\/#primaryimage"},"image":{"@id":"https:\/\/rrtglobal.org\/de\/spenden\/#primaryimage"},"thumbnailUrl":"https:\/\/rrtglobal.org\/wp-content\/uploads\/2020\/05\/emergency-disaster-relief.jpg","datePublished":"2020-06-29T05:06:54+00:00","dateModified":"2021-03-04T09:43:09+00:00","description":"Wir k\u00f6nnen nicht viel alleine machen, aber zusammen mit Ihrer Unterst\u00fctzung k\u00f6nnen wir es. Ihre Spende wird dazu dienen, bed\u00fcrftige Gemeinschaften zu st\u00e4rken.","breadcrumb":{"@id":"https:\/\/rrtglobal.org\/de\/spenden\/#breadcrumb"},"inLanguage":"de","potentialAction":[{"@type":"ReadAction","target":["https:\/\/rrtglobal.org\/de\/spenden\/"]}]},{"@type":"ImageObject","inLanguage":"de","@id":"https:\/\/rrtglobal.org\/de\/spenden\/#primaryimage","url":"https:\/\/rrtglobal.org\/wp-content\/uploads\/2020\/05\/emergency-disaster-relief.jpg","contentUrl":"https:\/\/rrtglobal.org\/wp-content\/uploads\/2020\/05\/emergency-disaster-relief.jpg","width":1024,"height":768},{"@type":"BreadcrumbList","@id":"https:\/\/rrtglobal.org\/de\/spenden\/#breadcrumb","itemListElement":[{"@type":"ListItem","position":1,"name":"Zuhause","item":"https:\/\/www.rrtglobal.org\/de\/"},{"@type":"ListItem","position":2,"name":"Spenden"}]},{"@type":"WebSite","@id":"https:\/\/rrtglobal.org\/de\/#website","url":"https:\/\/rrtglobal.org\/de\/","name":"Rapid Relief Team","description":"","publisher":{"@id":"https:\/\/rrtglobal.org\/de\/#organization"},"potentialAction":[{"@type":"SearchAction","target":{"@type":"EntryPoint","urlTemplate":"https:\/\/rrtglobal.org\/de\/?s={search_term_string}"},"query-input":{"@type":"PropertyValueSpecification","valueRequired":true,"valueName":"search_term_string"}}],"inLanguage":"de"},{"@type":"Organization","@id":"https:\/\/rrtglobal.org\/de\/#organization","name":"Rapid Relief Team","url":"https:\/\/rrtglobal.org\/de\/","logo":{"@type":"ImageObject","inLanguage":"de","@id":"https:\/\/rrtglobal.org\/de\/#\/schema\/logo\/image\/","url":"https:\/\/rrtglobal.org\/wp-content\/uploads\/2020\/07\/5134-RRT-Logo-Full-Color-1.png","contentUrl":"https:\/\/rrtglobal.org\/wp-content\/uploads\/2020\/07\/5134-RRT-Logo-Full-Color-1.png","width":690,"height":256,"caption":"Rapid Relief Team"},"image":{"@id":"https:\/\/rrtglobal.org\/de\/#\/schema\/logo\/image\/"}}]}},"_links":{"self":[{"href":"https:\/\/rrtglobal.org\/de\/wp-json\/wp\/v2\/pages\/62086","targetHints":{"allow":["GET"]}}],"collection":[{"href":"https:\/\/rrtglobal.org\/de\/wp-json\/wp\/v2\/pages"}],"about":[{"href":"https:\/\/rrtglobal.org\/de\/wp-json\/wp\/v2\/types\/page"}],"author":[{"embeddable":true,"href":"https:\/\/rrtglobal.org\/de\/wp-json\/wp\/v2\/users\/4"}],"replies":[{"embeddable":true,"href":"https:\/\/rrtglobal.org\/de\/wp-json\/wp\/v2\/comments?post=62086"}],"version-history":[{"count":4,"href":"https:\/\/rrtglobal.org\/de\/wp-json\/wp\/v2\/pages\/62086\/revisions"}],"predecessor-version":[{"id":117973,"href":"https:\/\/rrtglobal.org\/de\/wp-json\/wp\/v2\/pages\/62086\/revisions\/117973"}],"wp:featuredmedia":[{"embeddable":true,"href":"https:\/\/rrtglobal.org\/de\/wp-json\/wp\/v2\/media\/3820"}],"wp:attachment":[{"href":"https:\/\/rrtglobal.org\/de\/wp-json\/wp\/v2\/media?parent=62086"}],"curies":[{"name":"wp","href":"https:\/\/api.w.org\/{rel}","templated":true}]}}