{"id":173142,"date":"2025-07-14T04:58:18","date_gmt":"2025-07-14T04:58:18","guid":{"rendered":"https:\/\/rrtglobal.org\/donde-servimos\/"},"modified":"2025-07-14T05:02:37","modified_gmt":"2025-07-14T05:02:37","slug":"donde-servimos","status":"publish","type":"page","link":"https:\/\/rrtglobal.org\/arg\/donde-servimos\/","title":{"rendered":"D\u00f3nde servimos"},"content":{"rendered":"","protected":false},"excerpt":{"rendered":"<p> [&#8230;]<\/p>\n<p><a class=\"btn btn-secondary understrap-read-more-link\" href=\"https:\/\/rrtglobal.org\/arg\/donde-servimos\/\">Read More&#8230;<span class=\"screen-reader-text\"> from D\u00f3nde servimos<\/span><\/a><\/p>\n","protected":false},"author":4,"featured_media":0,"parent":0,"menu_order":367,"comment_status":"closed","ping_status":"closed","template":"page-templates\/template-L2-about.php","meta":{"_acf_changed":false,"inline_featured_image":false,"_monsterinsights_skip_tracking":false,"_monsterinsights_sitenote_active":false,"_monsterinsights_sitenote_note":"","_monsterinsights_sitenote_category":0,"footnotes":""},"class_list":["post-173142","page","type-page","status-publish","hentry"],"acf":[],"yoast_head":"<!-- This site is optimized with the Yoast SEO plugin v27.4 - https:\/\/yoast.com\/product\/yoast-seo-wordpress\/ -->\n<title>D\u00f3nde servimos - Rapid Relief Team<\/title>\n<meta name=\"description\" content=\"El Equipo de Ayuda R\u00e1pida atiende a personas de todo el mundo, con equipos en Estados Unidos, Reino Unido, Am\u00e9rica del Norte y del Sur, el Caribe, Canad\u00e1, Nueva Zelanda y toda Europa.\" \/>\n<meta name=\"robots\" content=\"index, follow, max-snippet:-1, max-image-preview:large, max-video-preview:-1\" \/>\n<link rel=\"canonical\" href=\"https:\/\/rrtglobal.org\/arg\/donde-servimos\/\" \/>\n<meta property=\"og:locale\" content=\"es_ES\" \/>\n<meta property=\"og:type\" content=\"article\" \/>\n<meta property=\"og:title\" content=\"D\u00f3nde servimos - Rapid Relief Team\" \/>\n<meta property=\"og:description\" content=\"El Equipo de Ayuda R\u00e1pida atiende a personas de todo el mundo, con equipos en Estados Unidos, Reino Unido, Am\u00e9rica del Norte y del Sur, el Caribe, Canad\u00e1, Nueva Zelanda y toda Europa.\" \/>\n<meta property=\"og:url\" content=\"https:\/\/rrtglobal.org\/arg\/donde-servimos\/\" \/>\n<meta property=\"og:site_name\" content=\"Rapid Relief Team\" \/>\n<meta property=\"article:modified_time\" content=\"2025-07-14T05:02:37+00:00\" \/>\n<meta name=\"twitter:card\" content=\"summary_large_image\" \/>\n<script type=\"application\/ld+json\" class=\"yoast-schema-graph\">{\"@context\":\"https:\\\/\\\/schema.org\",\"@graph\":[{\"@type\":\"WebPage\",\"@id\":\"https:\\\/\\\/rrtglobal.org\\\/arg\\\/donde-servimos\\\/\",\"url\":\"https:\\\/\\\/rrtglobal.org\\\/arg\\\/donde-servimos\\\/\",\"name\":\"D\u00f3nde servimos - Rapid Relief Team\",\"isPartOf\":{\"@id\":\"https:\\\/\\\/rrtglobal.org\\\/arg\\\/#website\"},\"datePublished\":\"2025-07-14T04:58:18+00:00\",\"dateModified\":\"2025-07-14T05:02:37+00:00\",\"description\":\"El Equipo de Ayuda R\u00e1pida atiende a personas de todo el mundo, con equipos en Estados Unidos, Reino Unido, Am\u00e9rica del Norte y del Sur, el Caribe, Canad\u00e1, Nueva Zelanda y toda Europa.\",\"breadcrumb\":{\"@id\":\"https:\\\/\\\/rrtglobal.org\\\/arg\\\/donde-servimos\\\/#breadcrumb\"},\"inLanguage\":\"es-AR\",\"potentialAction\":[{\"@type\":\"ReadAction\",\"target\":[\"https:\\\/\\\/rrtglobal.org\\\/arg\\\/donde-servimos\\\/\"]}]},{\"@type\":\"BreadcrumbList\",\"@id\":\"https:\\\/\\\/rrtglobal.org\\\/arg\\\/donde-servimos\\\/#breadcrumb\",\"itemListElement\":[{\"@type\":\"ListItem\",\"position\":1,\"name\":\"Hogar\",\"item\":\"https:\\\/\\\/rrtglobal.org\\\/arg\\\/\"},{\"@type\":\"ListItem\",\"position\":2,\"name\":\"D\u00f3nde servimos\"}]},{\"@type\":\"WebSite\",\"@id\":\"https:\\\/\\\/rrtglobal.org\\\/arg\\\/#website\",\"url\":\"https:\\\/\\\/rrtglobal.org\\\/arg\\\/\",\"name\":\"Rapid Relief Team\",\"description\":\"\",\"publisher\":{\"@id\":\"https:\\\/\\\/rrtglobal.org\\\/arg\\\/#organization\"},\"potentialAction\":[{\"@type\":\"SearchAction\",\"target\":{\"@type\":\"EntryPoint\",\"urlTemplate\":\"https:\\\/\\\/rrtglobal.org\\\/arg\\\/?s={search_term_string}\"},\"query-input\":{\"@type\":\"PropertyValueSpecification\",\"valueRequired\":true,\"valueName\":\"search_term_string\"}}],\"inLanguage\":\"es-AR\"},{\"@type\":\"Organization\",\"@id\":\"https:\\\/\\\/rrtglobal.org\\\/arg\\\/#organization\",\"name\":\"Rapid Relief Team\",\"url\":\"https:\\\/\\\/rrtglobal.org\\\/arg\\\/\",\"logo\":{\"@type\":\"ImageObject\",\"inLanguage\":\"es-AR\",\"@id\":\"https:\\\/\\\/rrtglobal.org\\\/arg\\\/#\\\/schema\\\/logo\\\/image\\\/\",\"url\":\"https:\\\/\\\/rrtglobal.org\\\/wp-content\\\/uploads\\\/2020\\\/07\\\/5134-RRT-Logo-Full-Color-1.png\",\"contentUrl\":\"https:\\\/\\\/rrtglobal.org\\\/wp-content\\\/uploads\\\/2020\\\/07\\\/5134-RRT-Logo-Full-Color-1.png\",\"width\":690,\"height\":256,\"caption\":\"Rapid Relief Team\"},\"image\":{\"@id\":\"https:\\\/\\\/rrtglobal.org\\\/arg\\\/#\\\/schema\\\/logo\\\/image\\\/\"}}]}<\/script>\n<!-- \/ Yoast SEO plugin. -->","yoast_head_json":{"title":"D\u00f3nde servimos - Rapid Relief Team","description":"El Equipo de Ayuda R\u00e1pida atiende a personas de todo el mundo, con equipos en Estados Unidos, Reino Unido, Am\u00e9rica del Norte y del Sur, el Caribe, Canad\u00e1, Nueva Zelanda y toda Europa.","robots":{"index":"index","follow":"follow","max-snippet":"max-snippet:-1","max-image-preview":"max-image-preview:large","max-video-preview":"max-video-preview:-1"},"canonical":"https:\/\/rrtglobal.org\/arg\/donde-servimos\/","og_locale":"es_ES","og_type":"article","og_title":"D\u00f3nde servimos - Rapid Relief Team","og_description":"El Equipo de Ayuda R\u00e1pida atiende a personas de todo el mundo, con equipos en Estados Unidos, Reino Unido, Am\u00e9rica del Norte y del Sur, el Caribe, Canad\u00e1, Nueva Zelanda y toda Europa.","og_url":"https:\/\/rrtglobal.org\/arg\/donde-servimos\/","og_site_name":"Rapid Relief Team","article_modified_time":"2025-07-14T05:02:37+00:00","twitter_card":"summary_large_image","schema":{"@context":"https:\/\/schema.org","@graph":[{"@type":"WebPage","@id":"https:\/\/rrtglobal.org\/arg\/donde-servimos\/","url":"https:\/\/rrtglobal.org\/arg\/donde-servimos\/","name":"D\u00f3nde servimos - Rapid Relief Team","isPartOf":{"@id":"https:\/\/rrtglobal.org\/arg\/#website"},"datePublished":"2025-07-14T04:58:18+00:00","dateModified":"2025-07-14T05:02:37+00:00","description":"El Equipo de Ayuda R\u00e1pida atiende a personas de todo el mundo, con equipos en Estados Unidos, Reino Unido, Am\u00e9rica del Norte y del Sur, el Caribe, Canad\u00e1, Nueva Zelanda y toda Europa.","breadcrumb":{"@id":"https:\/\/rrtglobal.org\/arg\/donde-servimos\/#breadcrumb"},"inLanguage":"es-AR","potentialAction":[{"@type":"ReadAction","target":["https:\/\/rrtglobal.org\/arg\/donde-servimos\/"]}]},{"@type":"BreadcrumbList","@id":"https:\/\/rrtglobal.org\/arg\/donde-servimos\/#breadcrumb","itemListElement":[{"@type":"ListItem","position":1,"name":"Hogar","item":"https:\/\/rrtglobal.org\/arg\/"},{"@type":"ListItem","position":2,"name":"D\u00f3nde servimos"}]},{"@type":"WebSite","@id":"https:\/\/rrtglobal.org\/arg\/#website","url":"https:\/\/rrtglobal.org\/arg\/","name":"Rapid Relief Team","description":"","publisher":{"@id":"https:\/\/rrtglobal.org\/arg\/#organization"},"potentialAction":[{"@type":"SearchAction","target":{"@type":"EntryPoint","urlTemplate":"https:\/\/rrtglobal.org\/arg\/?s={search_term_string}"},"query-input":{"@type":"PropertyValueSpecification","valueRequired":true,"valueName":"search_term_string"}}],"inLanguage":"es-AR"},{"@type":"Organization","@id":"https:\/\/rrtglobal.org\/arg\/#organization","name":"Rapid Relief Team","url":"https:\/\/rrtglobal.org\/arg\/","logo":{"@type":"ImageObject","inLanguage":"es-AR","@id":"https:\/\/rrtglobal.org\/arg\/#\/schema\/logo\/image\/","url":"https:\/\/rrtglobal.org\/wp-content\/uploads\/2020\/07\/5134-RRT-Logo-Full-Color-1.png","contentUrl":"https:\/\/rrtglobal.org\/wp-content\/uploads\/2020\/07\/5134-RRT-Logo-Full-Color-1.png","width":690,"height":256,"caption":"Rapid Relief Team"},"image":{"@id":"https:\/\/rrtglobal.org\/arg\/#\/schema\/logo\/image\/"}}]}},"_links":{"self":[{"href":"https:\/\/rrtglobal.org\/arg\/wp-json\/wp\/v2\/pages\/173142","targetHints":{"allow":["GET"]}}],"collection":[{"href":"https:\/\/rrtglobal.org\/arg\/wp-json\/wp\/v2\/pages"}],"about":[{"href":"https:\/\/rrtglobal.org\/arg\/wp-json\/wp\/v2\/types\/page"}],"author":[{"embeddable":true,"href":"https:\/\/rrtglobal.org\/arg\/wp-json\/wp\/v2\/users\/4"}],"replies":[{"embeddable":true,"href":"https:\/\/rrtglobal.org\/arg\/wp-json\/wp\/v2\/comments?post=173142"}],"version-history":[{"count":4,"href":"https:\/\/rrtglobal.org\/arg\/wp-json\/wp\/v2\/pages\/173142\/revisions"}],"predecessor-version":[{"id":173154,"href":"https:\/\/rrtglobal.org\/arg\/wp-json\/wp\/v2\/pages\/173142\/revisions\/173154"}],"wp:attachment":[{"href":"https:\/\/rrtglobal.org\/arg\/wp-json\/wp\/v2\/media?parent=173142"}],"curies":[{"name":"wp","href":"https:\/\/api.w.org\/{rel}","templated":true}]}}